{"id":1741,"date":"2023-12-17T19:28:35","date_gmt":"2023-12-17T18:28:35","guid":{"rendered":"https:\/\/esfisio.com\/?page_id=1741"},"modified":"2024-01-11T17:21:44","modified_gmt":"2024-01-11T16:21:44","slug":"osteopatia","status":"publish","type":"page","link":"https:\/\/esfisio.com\/index.php\/osteopatia\/","title":{"rendered":"Osteopat\u00eda"},"content":{"rendered":"\t\t<div data-elementor-type=\"wp-page\" data-elementor-id=\"1741\" class=\"elementor elementor-1741\">\n\t\t\t\t\t\t\t<div class=\"elementor-element elementor-element-de7c35c e-flex e-con-boxed e-con e-parent\" data-id=\"de7c35c\" data-element_type=\"container\" data-settings=\"{&quot;content_width&quot;:&quot;boxed&quot;}\" data-core-v316-plus=\"true\">\n\t\t\t\t\t<div class=\"e-con-inner\">\n\t\t\t\t<div class=\"elementor-element elementor-element-c012b23 elementor-widget elementor-widget-heading\" data-id=\"c012b23\" data-element_type=\"widget\" data-widget_type=\"heading.default\">\n\t\t\t\t<div class=\"elementor-widget-container\">\n\t\t\t<style>\/*! elementor - v3.18.0 - 20-12-2023 *\/\n.elementor-heading-title{padding:0;margin:0;line-height:1}.elementor-widget-heading .elementor-heading-title[class*=elementor-size-]>a{color:inherit;font-size:inherit;line-height:inherit}.elementor-widget-heading .elementor-heading-title.elementor-size-small{font-size:15px}.elementor-widget-heading .elementor-heading-title.elementor-size-medium{font-size:19px}.elementor-widget-heading .elementor-heading-title.elementor-size-large{font-size:29px}.elementor-widget-heading .elementor-heading-title.elementor-size-xl{font-size:39px}.elementor-widget-heading .elementor-heading-title.elementor-size-xxl{font-size:59px}<\/style><h1 class=\"elementor-heading-title elementor-size-default\">TRATAMIENTOS PERSONALIZADOS DE OSTEOPAT\u00cdA <\/h1>\t\t<\/div>\n\t\t\t\t<\/div>\n\t\t\t\t\t<\/div>\n\t\t\t\t<\/div>\n\t\t<div class=\"elementor-element elementor-element-3f74f8f e-flex e-con-boxed e-con e-parent\" data-id=\"3f74f8f\" data-element_type=\"container\" data-settings=\"{&quot;content_width&quot;:&quot;boxed&quot;}\" data-core-v316-plus=\"true\">\n\t\t\t\t\t<div class=\"e-con-inner\">\n\t\t\t\t<div class=\"elementor-element elementor-element-00f1fb8 elementor-align-center elementor-widget elementor-widget-button\" data-id=\"00f1fb8\" data-element_type=\"widget\" data-widget_type=\"button.default\">\n\t\t\t\t<div class=\"elementor-widget-container\">\n\t\t\t\t\t<div class=\"elementor-button-wrapper\">\n\t\t\t<a class=\"elementor-button elementor-button-link elementor-size-xl elementor-animation-shrink\" href=\"https:\/\/online.archivexclinical.com\/z7WsqRNqeNFrU6nusZN9gnFkgCMRDQ\">\n\t\t\t\t\t\t<span class=\"elementor-button-content-wrapper\">\n\t\t\t\t\t\t<span class=\"elementor-button-text\">PIDE TU CITA<\/span>\n\t\t<\/span>\n\t\t\t\t\t<\/a>\n\t\t<\/div>\n\t\t\t\t<\/div>\n\t\t\t\t<\/div>\n\t\t\t\t\t<\/div>\n\t\t\t\t<\/div>\n\t\t<div class=\"elementor-element elementor-element-8953840 e-flex e-con-boxed e-con e-parent\" data-id=\"8953840\" data-element_type=\"container\" data-settings=\"{&quot;content_width&quot;:&quot;boxed&quot;}\" data-core-v316-plus=\"true\">\n\t\t\t\t\t<div class=\"e-con-inner\">\n\t\t<div class=\"elementor-element elementor-element-774c795 e-con-full e-flex e-con e-child\" data-id=\"774c795\" data-element_type=\"container\" data-settings=\"{&quot;content_width&quot;:&quot;full&quot;}\">\n\t\t\t\t<div class=\"elementor-element elementor-element-49d97b0 elementor-widget elementor-widget-heading\" data-id=\"49d97b0\" data-element_type=\"widget\" data-widget_type=\"heading.default\">\n\t\t\t\t<div class=\"elementor-widget-container\">\n\t\t\t<h3 class=\"elementor-heading-title elementor-size-default\">\u00bfQUE ES LA OSTEOPAT\u00cdA?<\/h3>\t\t<\/div>\n\t\t\t\t<\/div>\n\t\t\t\t<div class=\"elementor-element elementor-element-d31b6f0 elementor-widget elementor-widget-text-editor\" data-id=\"d31b6f0\" data-element_type=\"widget\" data-widget_type=\"text-editor.default\">\n\t\t\t\t<div class=\"elementor-widget-container\">\n\t\t\t<style>\/*! elementor - v3.18.0 - 20-12-2023 *\/\n.elementor-widget-text-editor.elementor-drop-cap-view-stacked .elementor-drop-cap{background-color:#69727d;color:#fff}.elementor-widget-text-editor.elementor-drop-cap-view-framed .elementor-drop-cap{color:#69727d;border:3px solid;background-color:transparent}.elementor-widget-text-editor:not(.elementor-drop-cap-view-default) .elementor-drop-cap{margin-top:8px}.elementor-widget-text-editor:not(.elementor-drop-cap-view-default) .elementor-drop-cap-letter{width:1em;height:1em}.elementor-widget-text-editor .elementor-drop-cap{float:left;text-align:center;line-height:1;font-size:50px}.elementor-widget-text-editor .elementor-drop-cap-letter{display:inline-block}<\/style>\t\t\t\t<p>La osteopat\u00eda es la ciencia m\u00e9dica que\u00a0trata al individuo de manera global y hol\u00edstica. Se centra en mejorar todo el organismo y no actuar directamente sobre el \u00e1rea que duele, sino que,\u00a0intenta discernir cu\u00e1l es la causa del dolor para lograr superarlo.<\/p><p>El oste\u00f3pata utiliza sus manos como herramienta principal. Entrenadas para poder detectar los movimientos que se producen en los tejidos y sus disfunciones. Para as\u00ed, poder llegar a un diagn\u00f3stico que ser\u00e1 la base del tratamiento osteop\u00e1tico.<\/p><p>Su funci\u00f3n principal <strong>busca recuperar el equilibrio corporal perdido<\/strong>, reactivando sus mecanismos de auto curaci\u00f3n con diversas t\u00e9cnicas terap\u00e9uticas.<\/p><p>\u00a0Ning\u00fan tratamiento es igual a otro y se debe seguir siempre un enfoque personal y \u00fanico.<\/p>\t\t\t\t\t\t<\/div>\n\t\t\t\t<\/div>\n\t\t\t\t<\/div>\n\t\t<div class=\"elementor-element elementor-element-15f9afd e-con-full e-flex e-con e-child\" data-id=\"15f9afd\" data-element_type=\"container\" data-settings=\"{&quot;content_width&quot;:&quot;full&quot;}\">\n\t\t\t\t<div class=\"elementor-element elementor-element-85f6193 elementor-widget elementor-widget-image\" data-id=\"85f6193\" data-element_type=\"widget\" data-widget_type=\"image.default\">\n\t\t\t\t<div class=\"elementor-widget-container\">\n\t\t\t<style>\/*! elementor - v3.18.0 - 20-12-2023 *\/\n.elementor-widget-image{text-align:center}.elementor-widget-image a{display:inline-block}.elementor-widget-image a img[src$=\".svg\"]{width:48px}.elementor-widget-image img{vertical-align:middle;display:inline-block}<\/style>\t\t\t\t\t\t\t\t\t\t\t\t<img fetchpriority=\"high\" decoding=\"async\" width=\"612\" height=\"408\" src=\"https:\/\/esfisio.com\/wp-content\/uploads\/2024\/01\/istockphoto-1311098289-612x612-1.jpg\" class=\"attachment-large size-large wp-image-1984\" alt=\"\" srcset=\"https:\/\/esfisio.com\/wp-content\/uploads\/2024\/01\/istockphoto-1311098289-612x612-1.jpg 612w, https:\/\/esfisio.com\/wp-content\/uploads\/2024\/01\/istockphoto-1311098289-612x612-1-300x200.jpg 300w\" sizes=\"(max-width: 612px) 100vw, 612px\" \/>\t\t\t\t\t\t\t\t\t\t\t\t\t\t\t<\/div>\n\t\t\t\t<\/div>\n\t\t\t\t<\/div>\n\t\t\t\t\t<\/div>\n\t\t\t\t<\/div>\n\t\t<div class=\"elementor-element elementor-element-c5194be e-flex e-con-boxed e-con e-parent\" data-id=\"c5194be\" data-element_type=\"container\" data-settings=\"{&quot;content_width&quot;:&quot;boxed&quot;}\" data-core-v316-plus=\"true\">\n\t\t\t\t\t<div class=\"e-con-inner\">\n\t\t\t\t<div class=\"elementor-element elementor-element-15b0c76 elementor-widget elementor-widget-heading\" data-id=\"15b0c76\" data-element_type=\"widget\" data-widget_type=\"heading.default\">\n\t\t\t\t<div class=\"elementor-widget-container\">\n\t\t\t<h2 class=\"elementor-heading-title elementor-size-default\">\u00bfC\u00f3mo es una sesi\u00f3n de osteopat\u00eda en nuestro centro?<\/h2>\t\t<\/div>\n\t\t\t\t<\/div>\n\t\t\t\t\t<\/div>\n\t\t\t\t<\/div>\n\t\t<div class=\"elementor-element elementor-element-df3587d e-flex e-con-boxed e-con e-parent\" data-id=\"df3587d\" data-element_type=\"container\" data-settings=\"{&quot;content_width&quot;:&quot;boxed&quot;}\" data-core-v316-plus=\"true\">\n\t\t\t\t\t<div class=\"e-con-inner\">\n\t\t\t\t<div class=\"elementor-element elementor-element-320a106 elementor-widget elementor-widget-text-editor\" data-id=\"320a106\" data-element_type=\"widget\" data-widget_type=\"text-editor.default\">\n\t\t\t\t<div class=\"elementor-widget-container\">\n\t\t\t\t\t\t\t<p>Las sesiones de osteopat\u00eda son en horario concertado, contando con un tiempo para hablar sobre tu dolencia y hacer las preguntas necesarias para orientar el tratamiento y el trabajo manual.<\/p><p>Se realiza un abordaje global, ello implica que no necesariamente se trate la zona de dolor, pues el organismo genera protecciones y compensaciones alejadas que deben ser armonizadas para su correcto funcionamiento y as\u00ed bajar el nivel de dolor.<\/p><p>Se aplican t\u00e9cnicas de manipulaci\u00f3n vertebral y articular d\u00f3nde se notan chasquidos, pero tambi\u00e9n t\u00e9cnicas de extrema suavidad d\u00f3nde el paciente no percibe ning\u00fan movimiento.<\/p><p>La osteopat\u00eda se aplica sobre cualquier disfunci\u00f3n de columna vertebral: cervicalgia, lumbalgia, dorsalgia, hernia de disco, protrusiones, ci\u00e1tica, contractura muscular y dolor articular. En lesiones de las extremidades y el t\u00f3rax, secuelas de accidentes laborales, de tr\u00e1fico como el latigazo cervical y deportivos\u2026<\/p><p>Tambi\u00e9n es efectiva en otras alteraciones como los trastornos digestivos, dolores de cabeza, migra\u00f1as, v\u00e9rtigos, dolor y alteraciones en la menstruaci\u00f3n, cistitis repetitivas, trastornos del suelo p\u00e9lvico, embarazo, pre y postparto, alteraciones en la articulaci\u00f3n de la mand\u00edbula (bruxismo, dolor facial, etc\u2026)<\/p><p>Aunque no te duela nada, la osteopat\u00eda te puede ayudar a la prevenci\u00f3n de posibles desajustes, as\u00ed que 3 veces al a\u00f1o es muy recomendable que ayudes a tu cuerpo para que \u00e9l te acompa\u00f1e en tu largo camino vital.<\/p>\t\t\t\t\t\t<\/div>\n\t\t\t\t<\/div>\n\t\t\t\t\t<\/div>\n\t\t\t\t<\/div>\n\t\t<div class=\"elementor-element elementor-element-21393df e-flex e-con-boxed e-con e-parent\" data-id=\"21393df\" data-element_type=\"container\" data-settings=\"{&quot;content_width&quot;:&quot;boxed&quot;}\" data-core-v316-plus=\"true\">\n\t\t\t\t\t<div class=\"e-con-inner\">\n\t\t\t\t<div class=\"elementor-element elementor-element-bac3daf elementor-align-center elementor-widget elementor-widget-button\" data-id=\"bac3daf\" data-element_type=\"widget\" data-widget_type=\"button.default\">\n\t\t\t\t<div class=\"elementor-widget-container\">\n\t\t\t\t\t<div class=\"elementor-button-wrapper\">\n\t\t\t<a class=\"elementor-button elementor-button-link elementor-size-xl elementor-animation-shrink\" href=\"https:\/\/online.archivexclinical.com\/z7WsqRNqeNFrU6nusZN9gnFkgCMRDQ\">\n\t\t\t\t\t\t<span class=\"elementor-button-content-wrapper\">\n\t\t\t\t\t\t<span class=\"elementor-button-text\">PIDE TU CITA<\/span>\n\t\t<\/span>\n\t\t\t\t\t<\/a>\n\t\t<\/div>\n\t\t\t\t<\/div>\n\t\t\t\t<\/div>\n\t\t\t\t\t<\/div>\n\t\t\t\t<\/div>\n\t\t\t\t\t\t\t<\/div>\n\t\t","protected":false},"excerpt":{"rendered":"<p>TRATAMIENTOS PERSONALIZADOS DE OSTEOPAT\u00cdA PIDE TU CITA \u00bfQUE ES LA OSTEOPAT\u00cdA? La osteopat\u00eda es la ciencia m\u00e9dica que\u00a0trata al individuo de manera global y hol\u00edstica. Se centra en mejorar todo el organismo y no actuar directamente sobre el \u00e1rea que duele, sino que,\u00a0intenta discernir cu\u00e1l es la causa del dolor para lograr superarlo. El oste\u00f3pata &hellip;<\/p>\n<p class=\"read-more\"> <a class=\"\" href=\"https:\/\/esfisio.com\/index.php\/osteopatia\/\"> <span class=\"screen-reader-text\">Osteopat\u00eda<\/span> Leer m\u00e1s &raquo;<\/a><\/p>\n","protected":false},"author":1,"featured_media":0,"parent":0,"menu_order":0,"comment_status":"closed","ping_status":"closed","template":"","meta":{"om_disable_all_campaigns":false,"_monsterinsights_skip_tracking":false,"_monsterinsights_sitenote_active":false,"_monsterinsights_sitenote_note":"","_monsterinsights_sitenote_category":0,"site-sidebar-layout":"no-sidebar","site-content-layout":"page-builder","ast-site-content-layout":"full-width-container","site-content-style":"default","site-sidebar-style":"default","ast-global-header-display":"","ast-banner-title-visibility":"","ast-main-header-display":"","ast-hfb-above-header-display":"","ast-hfb-below-header-display":"","ast-hfb-mobile-header-display":"","site-post-title":"disabled","ast-breadcrumbs-content":"","ast-featured-img":"disabled","footer-sml-layout":"","theme-transparent-header-meta":"","adv-header-id-meta":"","stick-header-meta":"","header-above-stick-meta":"","header-main-stick-meta":"","header-below-stick-meta":"","astra-migrate-meta-layouts":"default","ast-page-background-enabled":"default","ast-page-background-meta":{"desktop":{"background-color":"var(--ast-global-color-4)","background-image":"","background-repeat":"repeat","background-position":"center center","background-size":"auto","background-attachment":"scroll","background-type":"","background-media":"","overlay-type":"","overlay-color":"","overlay-gradient":""},"tablet":{"background-color":"","background-image":"","background-repeat":"repeat","background-position":"center center","background-size":"auto","background-attachment":"scroll","background-type":"","background-media":"","overlay-type":"","overlay-color":"","overlay-gradient":""},"mobile":{"background-color":"","background-image":"","background-repeat":"repeat","background-position":"center center","background-size":"auto","background-attachment":"scroll","background-type":"","background-media":"","overlay-type":"","overlay-color":"","overlay-gradient":""}},"ast-content-background-meta":{"desktop":{"background-color":"var(--ast-global-color-5)","background-image":"","background-repeat":"repeat","background-position":"center center","background-size":"auto","background-attachment":"scroll","background-type":"","background-media":"","overlay-type":"","overlay-color":"","overlay-gradient":""},"tablet":{"background-color":"var(--ast-global-color-5)","background-image":"","background-repeat":"repeat","background-position":"center center","background-size":"auto","background-attachment":"scroll","background-type":"","background-media":"","overlay-type":"","overlay-color":"","overlay-gradient":""},"mobile":{"background-color":"var(--ast-global-color-5)","background-image":"","background-repeat":"repeat","background-position":"center center","background-size":"auto","background-attachment":"scroll","background-type":"","background-media":"","overlay-type":"","overlay-color":"","overlay-gradient":""}},"footnotes":"","_joinchat":[]},"aioseo_notices":[],"_links":{"self":[{"href":"https:\/\/esfisio.com\/index.php\/wp-json\/wp\/v2\/pages\/1741"}],"collection":[{"href":"https:\/\/esfisio.com\/index.php\/wp-json\/wp\/v2\/pages"}],"about":[{"href":"https:\/\/esfisio.com\/index.php\/wp-json\/wp\/v2\/types\/page"}],"author":[{"embeddable":true,"href":"https:\/\/esfisio.com\/index.php\/wp-json\/wp\/v2\/users\/1"}],"replies":[{"embeddable":true,"href":"https:\/\/esfisio.com\/index.php\/wp-json\/wp\/v2\/comments?post=1741"}],"version-history":[{"count":40,"href":"https:\/\/esfisio.com\/index.php\/wp-json\/wp\/v2\/pages\/1741\/revisions"}],"predecessor-version":[{"id":2256,"href":"https:\/\/esfisio.com\/index.php\/wp-json\/wp\/v2\/pages\/1741\/revisions\/2256"}],"wp:attachment":[{"href":"https:\/\/esfisio.com\/index.php\/wp-json\/wp\/v2\/media?parent=1741"}],"curies":[{"name":"wp","href":"https:\/\/api.w.org\/{rel}","templated":true}]}}