{"id":1319,"date":"2021-11-21T15:14:19","date_gmt":"2021-11-21T15:14:19","guid":{"rendered":"https:\/\/esfisio.com\/index.php\/about\/"},"modified":"2026-02-25T14:29:38","modified_gmt":"2026-02-25T13:29:38","slug":"sobre-nosotros","status":"publish","type":"page","link":"https:\/\/esfisio.com\/index.php\/sobre-nosotros\/","title":{"rendered":"Sobre Nosotros"},"content":{"rendered":"\t\t<div data-elementor-type=\"wp-page\" data-elementor-id=\"1319\" class=\"elementor elementor-1319\">\n\t\t\t\t\t\t\t<div class=\"elementor-element elementor-element-7d638f6 e-flex e-con-boxed e-con e-parent\" data-id=\"7d638f6\" data-element_type=\"container\" data-settings=\"{&quot;content_width&quot;:&quot;boxed&quot;}\" data-core-v316-plus=\"true\">\n\t\t\t\t\t<div class=\"e-con-inner\">\n\t\t\t\t<div class=\"elementor-element elementor-element-6c1f5db elementor-widget elementor-widget-heading\" data-id=\"6c1f5db\" data-element_type=\"widget\" data-widget_type=\"heading.default\">\n\t\t\t\t<div class=\"elementor-widget-container\">\n\t\t\t<style>\/*! elementor - v3.18.0 - 20-12-2023 *\/\n.elementor-heading-title{padding:0;margin:0;line-height:1}.elementor-widget-heading .elementor-heading-title[class*=elementor-size-]>a{color:inherit;font-size:inherit;line-height:inherit}.elementor-widget-heading .elementor-heading-title.elementor-size-small{font-size:15px}.elementor-widget-heading .elementor-heading-title.elementor-size-medium{font-size:19px}.elementor-widget-heading .elementor-heading-title.elementor-size-large{font-size:29px}.elementor-widget-heading .elementor-heading-title.elementor-size-xl{font-size:39px}.elementor-widget-heading .elementor-heading-title.elementor-size-xxl{font-size:59px}<\/style><h3 class=\"elementor-heading-title elementor-size-default\">CURRICULUM  VITAE DE IGNASI BLANCO<\/h3>\t\t<\/div>\n\t\t\t\t<\/div>\n\t\t\t\t\t<\/div>\n\t\t\t\t<\/div>\n\t\t<div class=\"elementor-element elementor-element-2025f5c e-flex e-con-boxed e-con e-parent\" data-id=\"2025f5c\" data-element_type=\"container\" data-settings=\"{&quot;content_width&quot;:&quot;boxed&quot;}\" data-core-v316-plus=\"true\">\n\t\t\t\t\t<div class=\"e-con-inner\">\n\t\t<div class=\"elementor-element elementor-element-4216cf5 e-con-full e-flex e-con e-child\" data-id=\"4216cf5\" data-element_type=\"container\" data-settings=\"{&quot;content_width&quot;:&quot;full&quot;}\">\n\t\t\t\t<div class=\"elementor-element elementor-element-a340fde elementor-widget elementor-widget-image\" data-id=\"a340fde\" data-element_type=\"widget\" data-widget_type=\"image.default\">\n\t\t\t\t<div class=\"elementor-widget-container\">\n\t\t\t<style>\/*! elementor - v3.18.0 - 20-12-2023 *\/\n.elementor-widget-image{text-align:center}.elementor-widget-image a{display:inline-block}.elementor-widget-image a img[src$=\".svg\"]{width:48px}.elementor-widget-image img{vertical-align:middle;display:inline-block}<\/style>\t\t\t\t\t\t\t\t\t\t\t\t<img fetchpriority=\"high\" decoding=\"async\" width=\"225\" height=\"300\" src=\"https:\/\/esfisio.com\/wp-content\/uploads\/2024\/01\/1679003009938-225x300.jpg\" class=\"attachment-medium size-medium wp-image-1938\" alt=\"\" srcset=\"https:\/\/esfisio.com\/wp-content\/uploads\/2024\/01\/1679003009938-225x300.jpg 225w, https:\/\/esfisio.com\/wp-content\/uploads\/2024\/01\/1679003009938-768x1024.jpg 768w, https:\/\/esfisio.com\/wp-content\/uploads\/2024\/01\/1679003009938-1152x1536.jpg 1152w, https:\/\/esfisio.com\/wp-content\/uploads\/2024\/01\/1679003009938.jpg 1536w\" sizes=\"(max-width: 225px) 100vw, 225px\" \/>\t\t\t\t\t\t\t\t\t\t\t\t\t\t\t<\/div>\n\t\t\t\t<\/div>\n\t\t\t\t<\/div>\n\t\t<div class=\"elementor-element elementor-element-2040928 e-con-full e-flex e-con e-child\" data-id=\"2040928\" data-element_type=\"container\" data-settings=\"{&quot;content_width&quot;:&quot;full&quot;}\">\n\t\t\t\t<div class=\"elementor-element elementor-element-21aa287 elementor-widget elementor-widget-text-editor\" data-id=\"21aa287\" data-element_type=\"widget\" data-widget_type=\"text-editor.default\">\n\t\t\t\t<div class=\"elementor-widget-container\">\n\t\t\t<style>\/*! elementor - v3.18.0 - 20-12-2023 *\/\n.elementor-widget-text-editor.elementor-drop-cap-view-stacked .elementor-drop-cap{background-color:#69727d;color:#fff}.elementor-widget-text-editor.elementor-drop-cap-view-framed .elementor-drop-cap{color:#69727d;border:3px solid;background-color:transparent}.elementor-widget-text-editor:not(.elementor-drop-cap-view-default) .elementor-drop-cap{margin-top:8px}.elementor-widget-text-editor:not(.elementor-drop-cap-view-default) .elementor-drop-cap-letter{width:1em;height:1em}.elementor-widget-text-editor .elementor-drop-cap{float:left;text-align:center;line-height:1;font-size:50px}.elementor-widget-text-editor .elementor-drop-cap-letter{display:inline-block}<\/style>\t\t\t\t<p><strong>FISIOTERAPEUTA COLEGIADO\u00a0 2590<\/strong><\/p><h5><span style=\"text-decoration: underline;\">TITULACI\u00d3N<\/span><\/h5><ul><li><strong>M\u00c1STER EN OSTEOPAT\u00cdA: <\/strong>Escola Universit\u00e0ria Gimbernat. Universitat Aut\u00f2noma de Barcelona. 2013.<\/li><li><strong>DIPLOMADO EN FISIOTERAPIA: <\/strong>Escola Universit\u00e0ria Gimbernat. Universitat Aut\u00f2noma de Barcelona. 1999.<\/li><\/ul><p><strong>\u00a0<\/strong><\/p><h5><span style=\"text-decoration: underline;\">FORMACI\u00d3N<\/span><\/h5><h5>POSGRADOS<\/h5><ul><li><strong>FISIOTERAPIA DEL DEPORTE: <\/strong>Universitat Aut\u00f2noma de Barcelona. 2000-2001.<\/li><li><strong>FISIOTERAPIA ANAL\u00cdTICA SOHIER: <\/strong>Instituto Company. Palma de Mallorca. 1999-2000.<\/li><\/ul><h5>CURSOS<\/h5><ul><li><strong>INDIBA THERAPY.<\/strong><\/li><li><strong>INDIBA SPORT THERAPY: <\/strong>Abril 2022.<\/li><li><strong>PUNCI\u00d3N SECA: <\/strong>Registro colegial 549. 2009.<\/li><li><strong>MESOTERAPIA HOMEOPATICA<\/strong><\/li><li><strong>DEL APARATO LOCOMOTOR: <\/strong>ISMET. Barcelona. 2007.<\/li><li><strong>REEQUILIBRACI\u00d3N NEURO-MOTRIZ <\/strong><strong>DEL RAQUIS: <\/strong>Escola Universit\u00e0ria Gimbernat. Universitat Aut\u00f2noma de Barcelona. 2006.<\/li><li><strong>TRATAMIENTO SOBRE EL ICTUS: <\/strong>Corporaci\u00f3n fisiogesti\u00f3n. 2004.<\/li><li><strong>MOBILIZACIONES I TRANSFERENCIAS<\/strong><\/li><li><strong>EN PACIENTES DISCAPACITADOS<\/strong><\/li><li><strong>(METODO PAUL DOTTE): <\/strong>Corporaci\u00f3n fisiogesti\u00f3n. 2004.<\/li><li><strong>CURSO DE T.R.A.L.: <\/strong>Corporaci\u00f3n fisiogesti\u00f3n. 2000.<\/li><\/ul>\t\t\t\t\t\t<\/div>\n\t\t\t\t<\/div>\n\t\t\t\t<\/div>\n\t\t\t\t\t<\/div>\n\t\t\t\t<\/div>\n\t\t\t\t\t\t\t<\/div>\n\t\t","protected":false},"excerpt":{"rendered":"<p>CURRICULUM VITAE DE IGNASI BLANCO FISIOTERAPEUTA COLEGIADO\u00a0 2590 TITULACI\u00d3N M\u00c1STER EN OSTEOPAT\u00cdA: Escola Universit\u00e0ria Gimbernat. Universitat Aut\u00f2noma de Barcelona. 2013. DIPLOMADO EN FISIOTERAPIA: Escola Universit\u00e0ria Gimbernat. Universitat Aut\u00f2noma de Barcelona. 1999. \u00a0 FORMACI\u00d3N POSGRADOS FISIOTERAPIA DEL DEPORTE: Universitat Aut\u00f2noma de Barcelona. 2000-2001. FISIOTERAPIA ANAL\u00cdTICA SOHIER: Instituto Company. Palma de Mallorca. 1999-2000. CURSOS INDIBA THERAPY. INDIBA &hellip;<\/p>\n<p class=\"read-more\"> <a class=\"\" href=\"https:\/\/esfisio.com\/index.php\/sobre-nosotros\/\"> <span class=\"screen-reader-text\">Sobre Nosotros<\/span> Leer m\u00e1s &raquo;<\/a><\/p>\n","protected":false},"author":1,"featured_media":0,"parent":0,"menu_order":0,"comment_status":"closed","ping_status":"closed","template":"","meta":{"om_disable_all_campaigns":false,"_monsterinsights_skip_tracking":false,"_monsterinsights_sitenote_active":false,"_monsterinsights_sitenote_note":"","_monsterinsights_sitenote_category":0,"site-sidebar-layout":"no-sidebar","site-content-layout":"page-builder","ast-site-content-layout":"full-width-container","site-content-style":"unboxed","site-sidebar-style":"unboxed","ast-global-header-display":"","ast-banner-title-visibility":"","ast-main-header-display":"","ast-hfb-above-header-display":"","ast-hfb-below-header-display":"","ast-hfb-mobile-header-display":"","site-post-title":"disabled","ast-breadcrumbs-content":"","ast-featured-img":"disabled","footer-sml-layout":"","theme-transparent-header-meta":"disabled","adv-header-id-meta":"","stick-header-meta":"","header-above-stick-meta":"","header-main-stick-meta":"","header-below-stick-meta":"","astra-migrate-meta-layouts":"set","ast-page-background-enabled":"default","ast-page-background-meta":{"desktop":{"background-color":"var(--ast-global-color-4)","background-image":"","background-repeat":"repeat","background-position":"center center","background-size":"auto","background-attachment":"scroll","background-type":"","background-media":"","overlay-type":"","overlay-color":"","overlay-gradient":""},"tablet":{"background-color":"","background-image":"","background-repeat":"repeat","background-position":"center center","background-size":"auto","background-attachment":"scroll","background-type":"","background-media":"","overlay-type":"","overlay-color":"","overlay-gradient":""},"mobile":{"background-color":"","background-image":"","background-repeat":"repeat","background-position":"center center","background-size":"auto","background-attachment":"scroll","background-type":"","background-media":"","overlay-type":"","overlay-color":"","overlay-gradient":""}},"ast-content-background-meta":{"desktop":{"background-color":"var(--ast-global-color-5)","background-image":"","background-repeat":"repeat","background-position":"center center","background-size":"auto","background-attachment":"scroll","background-type":"","background-media":"","overlay-type":"","overlay-color":"","overlay-gradient":""},"tablet":{"background-color":"var(--ast-global-color-5)","background-image":"","background-repeat":"repeat","background-position":"center center","background-size":"auto","background-attachment":"scroll","background-type":"","background-media":"","overlay-type":"","overlay-color":"","overlay-gradient":""},"mobile":{"background-color":"var(--ast-global-color-5)","background-image":"","background-repeat":"repeat","background-position":"center center","background-size":"auto","background-attachment":"scroll","background-type":"","background-media":"","overlay-type":"","overlay-color":"","overlay-gradient":""}},"footnotes":"","_joinchat":[]},"aioseo_notices":[],"_links":{"self":[{"href":"https:\/\/esfisio.com\/index.php\/wp-json\/wp\/v2\/pages\/1319"}],"collection":[{"href":"https:\/\/esfisio.com\/index.php\/wp-json\/wp\/v2\/pages"}],"about":[{"href":"https:\/\/esfisio.com\/index.php\/wp-json\/wp\/v2\/types\/page"}],"author":[{"embeddable":true,"href":"https:\/\/esfisio.com\/index.php\/wp-json\/wp\/v2\/users\/1"}],"replies":[{"embeddable":true,"href":"https:\/\/esfisio.com\/index.php\/wp-json\/wp\/v2\/comments?post=1319"}],"version-history":[{"count":117,"href":"https:\/\/esfisio.com\/index.php\/wp-json\/wp\/v2\/pages\/1319\/revisions"}],"predecessor-version":[{"id":2493,"href":"https:\/\/esfisio.com\/index.php\/wp-json\/wp\/v2\/pages\/1319\/revisions\/2493"}],"wp:attachment":[{"href":"https:\/\/esfisio.com\/index.php\/wp-json\/wp\/v2\/media?parent=1319"}],"curies":[{"name":"wp","href":"https:\/\/api.w.org\/{rel}","templated":true}]}}